{"id":633,"date":"2023-08-20T20:17:51","date_gmt":"2023-08-20T18:17:51","guid":{"rendered":"https:\/\/draodacum.com\/?page_id=633"},"modified":"2023-08-20T20:45:19","modified_gmt":"2023-08-20T18:45:19","slug":"pozicioni-ulur","status":"publish","type":"page","link":"https:\/\/draodacum.com\/index.php\/pozicioni-ulur\/","title":{"rendered":"Pozicioni ulur"},"content":{"rendered":"\n<div class=\"wp-block-columns is-layout-flex wp-container-core-columns-layout-1 wp-block-columns-is-layout-flex\">\n<div class=\"wp-block-column is-layout-flow wp-block-column-is-layout-flow\">\n<figure class=\"wp-block-image size-full\"><img loading=\"lazy\" decoding=\"async\" width=\"1000\" height=\"800\" src=\"https:\/\/draodacum.com\/wp-content\/uploads\/2023\/08\/MX01.png\" alt=\"\" class=\"wp-image-658\" srcset=\"https:\/\/draodacum.com\/wp-content\/uploads\/2023\/08\/MX01.png 1000w, https:\/\/draodacum.com\/wp-content\/uploads\/2023\/08\/MX01-300x240.png 300w, https:\/\/draodacum.com\/wp-content\/uploads\/2023\/08\/MX01-768x614.png 768w\" sizes=\"(max-width: 1000px) 100vw, 1000px\" \/><\/figure>\n<\/div>\n<\/div>\n\n\n\n<div class=\"wp-block-columns is-layout-flex wp-container-core-columns-layout-2 wp-block-columns-is-layout-flex\">\n<div class=\"wp-block-column is-layout-flow wp-block-column-is-layout-flow\">\n<p class=\"has-text-align-center\"><strong>Pozicioni i duhur MX derisa vozisni ulur<\/strong><\/p>\n<\/div>\n<\/div>\n\n\n\n<p><strong>Koka:<\/strong><\/p>\n\n\n\n<p>Koka duhet t\u00eb jet\u00eb e ngritur dhe n\u00eb boshtin gjat\u00ebsor t\u00eb bi\u00e7iklet\u00ebs pothuajse mbi timon. Pamja drejtohet shum\u00eb p\u00ebrpara, n\u00eb m\u00ebnyr\u00eb q\u00eb moto\u00e7ikleta t\u00eb shkoj\u00eb atje ku shikoni.<\/p>\n\n\n\n<p><strong>Krah\u00ebt:<\/strong><\/p>\n\n\n\n<p>Krah\u00ebt ose b\u00ebrrylat jan\u00eb lart dhe t\u00eb p\u00ebrkulur larg trupit. Kjo ju lejon t\u00eb lini bi\u00e7iklet\u00ebn t\u00eb punoj\u00eb posht\u00eb jush, duke thithur goditjet dhe duke punuar n\u00eb m\u00ebnyr\u00eb efektive n\u00eb kthesa.<\/p>\n\n\n\n<p><strong>Pjesa e sip\u00ebrme e trupit:<\/strong><\/p>\n\n\n\n<p>Pjesa e sip\u00ebrme e trupit duhet t\u00eb mbetet pak e anuar p\u00ebrpara. N\u00eb k\u00ebt\u00eb m\u00ebnyr\u00eb ju keni kontroll t\u00eb mir\u00eb mbi bi\u00e7iklet\u00ebn tuaj dhe mund t\u00eb kund\u00ebrshtoni nxitimin pa pasur nevoj\u00eb t\u00eb kapeni shum\u00eb pas timonit.<\/p>\n\n\n\n<p><strong>Prapanica:<\/strong><\/p>\n\n\n\n<p>Prapanica duhet t\u00eb jet\u00eb n\u00eb nj\u00eb vij\u00eb qendrore mbi k\u00ebmb\u00ebt. N\u00eb k\u00ebt\u00eb m\u00ebnyr\u00eb pesha juaj \u00ebsht\u00eb e balancuar n\u00eb m\u00ebnyr\u00eb perfekte dhe keni sasi t\u00eb barabarta presioni dhe t\u00ebrheqjeje n\u00eb rrot\u00ebn e p\u00ebrparme dhe t\u00eb pasme. Vet\u00ebm n\u00eb kthesat e ngushta dhe t\u00eb gjata duhet t\u00eb rr\u00ebshqitni prapanicen tuaj plot\u00ebsisht p\u00ebrpara p\u00ebr t\u00eb pasur m\u00eb shum\u00eb t\u00ebrheqje n\u00eb rrot\u00ebn e p\u00ebrparme dhe p\u00ebr ta mbajtur bi\u00e7iklet\u00ebn tuaj MX t\u00eb q\u00ebndrueshme.<\/p>\n\n\n\n<p><strong>K\u00ebmb\u00ebt:<\/strong><\/p>\n\n\n\n<p>K\u00ebmb\u00ebt dhe gjunj\u00ebt duhet t\u00eb shtypen fort kund\u00ebr moto\u00e7iklet\u00ebs. N\u00eb k\u00ebt\u00eb m\u00ebnyr\u00eb, krah\u00ebt mund t\u00eb leht\u00ebsohen dhe t\u00eb mos lodhen aq shpejt. P\u00ebrve\u00e7 k\u00ebsaj, kjo siguron ndjenj\u00ebn e nevojshme t\u00eb kontrollit mbi bi\u00e7iklet\u00ebn tuaj MX. N\u00eb kthesa, gjithmon\u00eb duhet t\u00eb shtypni gjurin e jasht\u00ebm fort kund\u00ebr rezervuarit dhe k\u00ebmb\u00ebn tjet\u00ebr drejt.<\/p>\n\n\n\n<p><strong>K\u00ebmb\u00ebt:<\/strong><\/p>\n\n\n\n<p>K\u00ebmb\u00ebt q\u00ebndrojn\u00eb n\u00eb mbajtese me shput\u00ebn e k\u00ebmb\u00ebs, por duhet t\u00eb shtyhen pak posht\u00eb n\u00eb zon\u00ebn e thembr\u00ebs n\u00eb m\u00ebnyr\u00eb q\u00eb t\u00eb ushtroj\u00eb m\u00eb shum\u00eb presion mbi shasin\u00eb dhe t\u00eb siguroj\u00eb pak m\u00eb shum\u00eb t\u00ebrheqje.<\/p>\n","protected":false},"excerpt":{"rendered":"<p>Pozicioni i duhur MX derisa vozisni ulur Koka: Koka duhet t\u00eb jet\u00eb e ngritur dhe n\u00eb boshtin gjat\u00ebsor t\u00eb bi\u00e7iklet\u00ebs pothuajse mbi timon. Pamja drejtohet shum\u00eb p\u00ebrpara, n\u00eb m\u00ebnyr\u00eb q\u00eb moto\u00e7ikleta t\u00eb shkoj\u00eb atje ku shikoni. Krah\u00ebt: Krah\u00ebt ose b\u00ebrrylat jan\u00eb lart dhe t\u00eb p\u00ebrkulur larg trupit. Kjo ju lejon t\u00eb lini bi\u00e7iklet\u00ebn t\u00eb punoj\u00eb [&hellip;]<\/p>\n","protected":false},"author":1,"featured_media":0,"parent":0,"menu_order":0,"comment_status":"closed","ping_status":"closed","template":"","meta":{"footnotes":""},"_links":{"self":[{"href":"https:\/\/draodacum.com\/index.php\/wp-json\/wp\/v2\/pages\/633"}],"collection":[{"href":"https:\/\/draodacum.com\/index.php\/wp-json\/wp\/v2\/pages"}],"about":[{"href":"https:\/\/draodacum.com\/index.php\/wp-json\/wp\/v2\/types\/page"}],"author":[{"embeddable":true,"href":"https:\/\/draodacum.com\/index.php\/wp-json\/wp\/v2\/users\/1"}],"replies":[{"embeddable":true,"href":"https:\/\/draodacum.com\/index.php\/wp-json\/wp\/v2\/comments?post=633"}],"version-history":[{"count":3,"href":"https:\/\/draodacum.com\/index.php\/wp-json\/wp\/v2\/pages\/633\/revisions"}],"predecessor-version":[{"id":662,"href":"https:\/\/draodacum.com\/index.php\/wp-json\/wp\/v2\/pages\/633\/revisions\/662"}],"wp:attachment":[{"href":"https:\/\/draodacum.com\/index.php\/wp-json\/wp\/v2\/media?parent=633"}],"curies":[{"name":"wp","href":"https:\/\/api.w.org\/{rel}","templated":true}]}}